{"id":488,"date":"2024-04-05T20:50:48","date_gmt":"2024-04-05T20:50:48","guid":{"rendered":"https:\/\/komisjaonomastycznapoznan.pan.pl\/?page_id=488"},"modified":"2024-04-05T20:56:33","modified_gmt":"2024-04-05T20:56:33","slug":"projekty","status":"publish","type":"page","link":"https:\/\/komisjaonomastycznapoznan.pan.pl\/?page_id=488","title":{"rendered":"Projekty"},"content":{"rendered":"\n<figure class=\"wp-block-image size-full\"><img fetchpriority=\"high\" decoding=\"async\" width=\"605\" height=\"270\" src=\"https:\/\/komisjaonomastycznapoznan.pan.pl\/wp-content\/uploads\/2024\/04\/Obraz1-1.png\" alt=\"\" class=\"wp-image-495\" srcset=\"https:\/\/komisjaonomastycznapoznan.pan.pl\/wp-content\/uploads\/2024\/04\/Obraz1-1.png 605w, https:\/\/komisjaonomastycznapoznan.pan.pl\/wp-content\/uploads\/2024\/04\/Obraz1-1-300x134.png 300w\" sizes=\"(max-width: 605px) 100vw, 605px\" \/><\/figure>\n\n\n<p>Od 2022 do 2024 roku cz\u0142onkinie Komisji Onomastycznej realizowa\u0142y grant Mi\u0119dzynarodowego Funduszu Wyszehradzkiego pt. <em>Your name is your history \u2013 Personal names as common cultural heritage of the V4 region (<\/em>CCHV4-PN<em>)<\/em>, w kt\u00f3rym wsp\u00f3\u0142pracowali j\u0119zykoznawcy z czterech kraj\u00f3w Grupy Wyszehradzkiej: z Polski, W\u0119gier, Czech i S\u0142owacji. Liderem projektu by\u0142a strona w\u0119gierska. Polskich naukowc\u00f3w reprezentowa\u0142y: prof. UAM dr hab. Justyna Walkowiak (koordynator polskiego zespo\u0142u) oraz prof. dr hab. Ma\u0142gorzata Rutkiewicz-Hanczewska i mgr Karolina Galewska. Pozostali cz\u0142onkowie projektu to pracownicy naukowi Uniwersytetu E\u00f6tv\u00f6sa Lor\u00e1nda w Budapeszcie, Instytutu J\u0119zyka Czeskiego Czeskiej Akademii Nauk oraz Uniwersytetu imienia Konstantyna Filozofa w Nitrze.<\/p>\n<p>Celem projektu by\u0142o stworzenie og\u00f3lnodost\u0119pnego s\u0142ownika online, zawieraj\u0105cego informacj\u0119 o genezie, typologii i najcz\u0119stszych wariantach dwustu nazwisk o najwy\u017cszej frekwencji z ka\u017cdego z czterech kraj\u00f3w. S\u0142ownik przygotowano w j\u0119zykach angielskim, w\u0119gierskim, polskim, czeskim i s\u0142owackim. Pozwoli on niespecjali\u015bcie na zdobycie wiedzy o pochodzeniu danego nazwiska, a tak\u017ce umo\u017cliwi badaczom prowadzenie studi\u00f3w por\u00f3wnawczych nad nazewnictwem osobowym wszystkich czterech kraj\u00f3w, jak r\u00f3wnie\u017c prze\u015bledzenie mo\u017cliwych zapo\u017cycze\u0144 w obr\u0119bie czterech przestrzeni nazewniczych.<\/p>\n<p>Link do pr\u00f3bnej wersji s\u0142ownika<\/p>\n<p><a href=\"https:\/\/v4surnames.elte.hu\/asdf9876\/index.php\/en\/site\/toplist?modelsToplistSearch%5Bpagesize%5D=20&amp;modelsToplistSearch%5Bcountry%5D=sk&amp;page=1\">https:\/\/v4surnames.elte.hu\/asdf9876\/index.php\/en\/site\/toplist?modelsToplistSearch%5Bpagesize%5D=20&amp;modelsToplistSearch%5Bcountry%5D=sk&amp;page=1<\/a><\/p>","protected":false},"excerpt":{"rendered":"<p>Od 2022 do 2024 roku cz\u0142onkinie Komisji Onomastycznej realizowa\u0142y grant Mi\u0119dzynarodowego Funduszu Wyszehradzkiego pt. Your name is your history \u2013 Personal names as common cultural heritage of the V4 region (CCHV4-PN), w kt\u00f3rym wsp\u00f3\u0142pracowali j\u0119zykoznawcy z czterech kraj\u00f3w Grupy Wyszehradzkiej: z Polski, W\u0119gier, Czech i S\u0142owacji. Liderem projektu by\u0142a strona w\u0119gierska. Polskich naukowc\u00f3w reprezentowa\u0142y: prof. [&hellip;]<\/p>\n","protected":false},"author":2,"featured_media":0,"parent":0,"menu_order":0,"comment_status":"closed","ping_status":"closed","template":"","meta":{"footnotes":""},"class_list":["post-488","page","type-page","status-publish","hentry"],"_links":{"self":[{"href":"https:\/\/komisjaonomastycznapoznan.pan.pl\/index.php?rest_route=\/wp\/v2\/pages\/488","targetHints":{"allow":["GET"]}}],"collection":[{"href":"https:\/\/komisjaonomastycznapoznan.pan.pl\/index.php?rest_route=\/wp\/v2\/pages"}],"about":[{"href":"https:\/\/komisjaonomastycznapoznan.pan.pl\/index.php?rest_route=\/wp\/v2\/types\/page"}],"author":[{"embeddable":true,"href":"https:\/\/komisjaonomastycznapoznan.pan.pl\/index.php?rest_route=\/wp\/v2\/users\/2"}],"replies":[{"embeddable":true,"href":"https:\/\/komisjaonomastycznapoznan.pan.pl\/index.php?rest_route=%2Fwp%2Fv2%2Fcomments&post=488"}],"version-history":[{"count":6,"href":"https:\/\/komisjaonomastycznapoznan.pan.pl\/index.php?rest_route=\/wp\/v2\/pages\/488\/revisions"}],"predecessor-version":[{"id":497,"href":"https:\/\/komisjaonomastycznapoznan.pan.pl\/index.php?rest_route=\/wp\/v2\/pages\/488\/revisions\/497"}],"wp:attachment":[{"href":"https:\/\/komisjaonomastycznapoznan.pan.pl\/index.php?rest_route=%2Fwp%2Fv2%2Fmedia&parent=488"}],"curies":[{"name":"wp","href":"https:\/\/api.w.org\/{rel}","templated":true}]}}