{"id":469,"date":"2022-08-18T08:47:13","date_gmt":"2022-08-18T08:47:13","guid":{"rendered":"https:\/\/komisjaonomastycznapoznan.pan.pl\/?page_id=469"},"modified":"2022-08-18T09:53:51","modified_gmt":"2022-08-18T09:53:51","slug":"wno2022","status":"publish","type":"page","link":"https:\/\/komisjaonomastycznapoznan.pan.pl\/?page_id=469","title":{"rendered":"WNO2022"},"content":{"rendered":"\n<figure class=\"wp-block-image size-large\"><img fetchpriority=\"high\" decoding=\"async\" width=\"1024\" height=\"544\" src=\"https:\/\/komisjaonomastycznapoznan.pan.pl\/wp-content\/uploads\/2022\/08\/Wielkopolska-nazwami-opisana-1024x544.jpg\" alt=\"\" class=\"wp-image-447\" srcset=\"https:\/\/komisjaonomastycznapoznan.pan.pl\/wp-content\/uploads\/2022\/08\/Wielkopolska-nazwami-opisana-1024x544.jpg 1024w, https:\/\/komisjaonomastycznapoznan.pan.pl\/wp-content\/uploads\/2022\/08\/Wielkopolska-nazwami-opisana-300x159.jpg 300w, https:\/\/komisjaonomastycznapoznan.pan.pl\/wp-content\/uploads\/2022\/08\/Wielkopolska-nazwami-opisana-768x408.jpg 768w, https:\/\/komisjaonomastycznapoznan.pan.pl\/wp-content\/uploads\/2022\/08\/Wielkopolska-nazwami-opisana-1536x817.jpg 1536w, https:\/\/komisjaonomastycznapoznan.pan.pl\/wp-content\/uploads\/2022\/08\/Wielkopolska-nazwami-opisana-2048x1089.jpg 2048w\" sizes=\"(max-width: 1024px) 100vw, 1024px\" \/><\/figure>\n\n\n\n<h2 class=\"has-text-align-center has-text-color wp-block-heading\" style=\"color:#137ecf\">PROGRAM<\/h2>\n\n\n\n<div class=\"wp-block-columns alignwide are-vertically-aligned-center is-layout-flex wp-container-core-columns-is-layout-28f84493 wp-block-columns-is-layout-flex\">\n<div class=\"wp-block-column is-vertically-aligned-center is-layout-flow wp-block-column-is-layout-flow\">\n<p style=\"font-size:15px;line-height:2\">09.00-09.15 Uroczyste otwarcie<br>09.15-10.00 <strong>Czy cz\u0142owiek cz\u0142owiekowi wilkiem? Co o nas m\u00f3wi\u0105 nazwiska Polak\u00f3w?<\/strong> &#8211; prof. UWM Iza Matusiak-Kempa<\/p>\n\n\n\n<p style=\"font-size:15px\">10.00-10.30 <strong>Dokt\u00f3r od ludzi czy od zwierz\u0105t? O historii wyrazu&nbsp;<em>konowa\u0142<\/em>&nbsp;w polszczy\u017anie i nazwiskach<br>od niego pochodz\u0105cych<\/strong> &#8211; prof. IS PAN Lucyna Jankowiak<\/p>\n\n\n\n<p style=\"font-size:15px\">10.30-11.00 <strong>Imiona i nazwiska dawnych z\u0142otnik\u00f3w pozna\u0144skich<\/strong> &#8211; prof. UAM Ewa Nowak-Pasterska&nbsp;<\/p>\n\n\n\n<p style=\"font-size:15px\">11.00-11.30 Przerwa kawowa<\/p>\n<\/div>\n\n\n\n<div class=\"wp-block-column is-vertically-aligned-center is-layout-flow wp-block-column-is-layout-flow\">\n<p style=\"font-size:15px\">11.30-12.00 <strong>Co wsp\u00f3lnego maj\u0105 ze sob\u0105 staropolskie nazwy osobowe i wsp\u00f3\u0142czesne chi\u0144skie imiona? &#8211; <\/strong>mgr Karolina Galewska<\/p>\n\n\n\n<p style=\"font-size:15px\">12.00-12.30 <strong>Co gramatyka m\u00f3wi o cz\u0142owieku w dokumentach prawa?<\/strong>&nbsp;\u2013 prof. UAM Romana \u0141apa<\/p>\n\n\n\n<p style=\"font-size:15px\">12.30-13.00 <strong>Jak nazwa\u0107 restauracj\u0119, by mia\u0142a klienta?<\/strong>&nbsp;\u2013 prof. UAM Patryk Borowiak<\/p>\n\n\n\n<p style=\"font-size:15px\">13.00-14.30 Przerwa kawowa<\/p>\n\n\n\n<p style=\"font-size:15px\">14.30-15.00 <strong>Historia zawarta w nazwiskach poleg\u0142ych w I wojnie \u015bwiatowej mieszka\u0144c\u00f3w&nbsp;Puszczy Noteckiej<\/strong>&nbsp;\u2013 dr hab. in\u017c. W\u0142adys\u0142aw Kusiak<\/p>\n<\/div>\n\n\n\n<div class=\"wp-block-column is-vertically-aligned-center is-layout-flow wp-block-column-is-layout-flow\">\n<p style=\"font-size:15px\">15.00-15.30 <strong>Kryminalne zagadki Poznania. O mie\u015bcie w powie\u015bci detektywistycznej s\u0142\u00f3w kilka<\/strong> &#8211; prof. UAM Magdalena Graf, dr Marta Nowak&nbsp;<\/p>\n\n\n\n<p style=\"font-size:15px\">15.30-16.00 <strong>Od Kasi Do\u0142ka do Chatki Tereni. Imiona i nazwiska w&nbsp; nazwach terenowych&nbsp;z wybranych powiat\u00f3w Wielkopolski<\/strong>&nbsp;\u2013 dr Wojciech Mielewczyk<\/p>\n\n\n\n<p style=\"font-size:15px\">16.00-16.30 <strong>Dlaczego skwery straci\u0142y swoj\u0105 anonimowo\u015b\u0107? Najwi\u0119ksza miejska moda nazewnicza<\/strong> -prof. UAM Justyna Walkowiak, prof. UAM Ma\u0142gorzata Rutkiewicz-Hanczewska&nbsp;<\/p>\n\n\n\n<p style=\"font-size:15px\">16.30-17.00 Dyskusja i zamkni\u0119cie sesji<\/p>\n<\/div>\n<\/div>\n\n\n\n<div class=\"wp-block-columns is-layout-flex wp-container-core-columns-is-layout-28f84493 wp-block-columns-is-layout-flex\">\n<div class=\"wp-block-column is-vertically-aligned-center is-layout-flow wp-block-column-is-layout-flow\">\n<div class=\"wp-block-buttons is-content-justification-center is-layout-flex wp-container-core-buttons-is-layout-a89b3969 wp-block-buttons-is-layout-flex\">\n<div class=\"wp-block-button has-custom-width wp-block-button__width-50\"><a class=\"wp-block-button__link has-background\" href=\"http:\/\/komisjaonomastycznapoznan.pan.pl\/wp-content\/uploads\/2022\/08\/Program-do-pobrania.pdf\" style=\"border-radius:27px;background-color:#126fa5\">PROGRAM DO POBRANIA<\/a><\/div>\n<\/div>\n<\/div>\n<\/div>\n\n\n\n<p><\/p>\n","protected":false},"excerpt":{"rendered":"<p>PROGRAM 09.00-09.15 Uroczyste otwarcie09.15-10.00 Czy cz\u0142owiek cz\u0142owiekowi wilkiem? Co o nas m\u00f3wi\u0105 nazwiska Polak\u00f3w? &#8211; prof. UWM Iza Matusiak-Kempa 10.00-10.30 Dokt\u00f3r od ludzi czy od zwierz\u0105t? O historii wyrazu&nbsp;konowa\u0142&nbsp;w polszczy\u017anie i nazwiskachod niego pochodz\u0105cych &#8211; prof. IS PAN Lucyna Jankowiak 10.30-11.00 Imiona i nazwiska dawnych z\u0142otnik\u00f3w pozna\u0144skich &#8211; prof. UAM Ewa Nowak-Pasterska&nbsp; 11.00-11.30 Przerwa kawowa [&hellip;]<\/p>\n","protected":false},"author":2,"featured_media":0,"parent":0,"menu_order":0,"comment_status":"closed","ping_status":"closed","template":"","meta":{"footnotes":""},"class_list":["post-469","page","type-page","status-publish","hentry"],"_links":{"self":[{"href":"https:\/\/komisjaonomastycznapoznan.pan.pl\/index.php?rest_route=\/wp\/v2\/pages\/469","targetHints":{"allow":["GET"]}}],"collection":[{"href":"https:\/\/komisjaonomastycznapoznan.pan.pl\/index.php?rest_route=\/wp\/v2\/pages"}],"about":[{"href":"https:\/\/komisjaonomastycznapoznan.pan.pl\/index.php?rest_route=\/wp\/v2\/types\/page"}],"author":[{"embeddable":true,"href":"https:\/\/komisjaonomastycznapoznan.pan.pl\/index.php?rest_route=\/wp\/v2\/users\/2"}],"replies":[{"embeddable":true,"href":"https:\/\/komisjaonomastycznapoznan.pan.pl\/index.php?rest_route=%2Fwp%2Fv2%2Fcomments&post=469"}],"version-history":[{"count":7,"href":"https:\/\/komisjaonomastycznapoznan.pan.pl\/index.php?rest_route=\/wp\/v2\/pages\/469\/revisions"}],"predecessor-version":[{"id":485,"href":"https:\/\/komisjaonomastycznapoznan.pan.pl\/index.php?rest_route=\/wp\/v2\/pages\/469\/revisions\/485"}],"wp:attachment":[{"href":"https:\/\/komisjaonomastycznapoznan.pan.pl\/index.php?rest_route=%2Fwp%2Fv2%2Fmedia&parent=469"}],"curies":[{"name":"wp","href":"https:\/\/api.w.org\/{rel}","templated":true}]}}