{"id":252,"date":"2020-11-10T10:29:50","date_gmt":"2020-11-10T10:29:50","guid":{"rendered":"http:\/\/komisjaonomastyczna.poznan.pan.pl\/?page_id=252"},"modified":"2022-08-18T08:53:24","modified_gmt":"2022-08-18T08:53:24","slug":"tematyka-sesji","status":"publish","type":"page","link":"https:\/\/komisjaonomastycznapoznan.pan.pl\/?page_id=252","title":{"rendered":"Tematyka"},"content":{"rendered":"\n<div class=\"wp-block-columns alignwide are-vertically-aligned-center is-layout-flex wp-container-core-columns-is-layout-28f84493 wp-block-columns-is-layout-flex\"><\/div>\n\n\n\n<figure class=\"wp-block-gallery alignwide has-nested-images columns-default is-cropped wp-block-gallery-1 is-layout-flex wp-block-gallery-is-layout-flex\">\n<figure class=\"wp-block-image size-large\"><img fetchpriority=\"high\" decoding=\"async\" width=\"1024\" height=\"544\" data-id=\"422\" src=\"http:\/\/komisjaonomastycznapoznan.pan.pl\/wp-content\/uploads\/2020\/12\/baner_duzy-1024x544.jpg\" alt=\"\" class=\"wp-image-422\" srcset=\"https:\/\/komisjaonomastycznapoznan.pan.pl\/wp-content\/uploads\/2020\/12\/baner_duzy-1024x544.jpg 1024w, https:\/\/komisjaonomastycznapoznan.pan.pl\/wp-content\/uploads\/2020\/12\/baner_duzy-300x159.jpg 300w, https:\/\/komisjaonomastycznapoznan.pan.pl\/wp-content\/uploads\/2020\/12\/baner_duzy-768x408.jpg 768w, https:\/\/komisjaonomastycznapoznan.pan.pl\/wp-content\/uploads\/2020\/12\/baner_duzy-1536x817.jpg 1536w, https:\/\/komisjaonomastycznapoznan.pan.pl\/wp-content\/uploads\/2020\/12\/baner_duzy-2048x1089.jpg 2048w\" sizes=\"(max-width: 1024px) 100vw, 1024px\" \/><\/figure>\n<\/figure>\n\n\n\n<h2 class=\"has-text-align-center has-text-color wp-block-heading\" style=\"color:#137ecf\"><\/h2>\n\n\n\n<p>Sesja jest po\u015bwi\u0119cona&nbsp; nazwom w\u0142asnym g\u0142\u00f3wnie Wielkopolski, ich pochodzeniu, historii oraz przemianom, jakim one podlega\u0142y w ci\u0105gu stuleci. O nazwach opowiadaj\u0105 j\u0119zykoznawcy oraz przedstawiciele innych dyscyplin naukowych, historycy, antropolodzy, le\u015bnicy oraz krajoznawcy. Wszystkich bowiem interesuj\u0105 nazwy w\u0142asne i ich pochodzenie.<\/p>\n\n\n\n<p>Przedmiotem naszej uwagi s\u0105 tak\u017ce nazwy z innych rejon\u00f3w zar\u00f3wno Polski, jak i \u015bwiata, co pozwala z jednej strony na uwypuklenie specyfiki nazewniczej Wielkopolski, a z drugiej \u2013 na wskazanie swoistych uniwersali\u00f3w j\u0119zykowych, ujawniaj\u0105cych si\u0119 w r\u00f3\u017cnych genetycznie systemach nazywania.<\/p>\n\n\n\n<p>\u017bycie nazw w\u0142asnych jest d\u0142u\u017csze ni\u017c \u017cycie jednostki, nawet je\u015bli nazywany obiekt czy obszar podlega przekszta\u0142ceniom. Dlatego nazwy jako znaki kultury s\u0105 niezniszczalne, stanowi\u0105 wyraz obecno\u015bci naszych przodk\u00f3w, ich sposobu my\u015blenia i do\u015bwiadczania \u015bwiata, a zarazem wywo\u0142uj\u0105 w nas potrzeb\u0119 wyja\u015bnienia: Sk\u0105d si\u0119 wzi\u0119\u0142y? Co m\u00f3wi\u0105 nazwy Wielkopolski i innych teren\u00f3w kraju, a nawet \u015bwiata?<\/p>\n\n\n\n<p>Momentowi tworzenia nazw w\u0142asnych zawsze towarzyszy jaka\u015b my\u015bl o kim\u015b lub o czym\u015b. Ona wyra\u017ca si\u0119 w najr\u00f3\u017cniejszych formach nazw, kt\u00f3re s\u0105 przekazywane z pokolenia na pokolenie, lecz czasem ta pierwotna my\u015bl zaczyna si\u0119 zaciera\u0107 i kolejne pokolenia nie pami\u0119taj\u0105 ju\u017c, dlaczego kogo\u015b lub co\u015b nazwano w ten, a nie inny spos\u00f3b. Dzi\u0119ki wiedzy o mechanizmach j\u0119zykowych i o procesach powstawania nazw potrafimy, przynajmniej w odniesieniu do ich cz\u0119\u015bci, wyja\u015bni\u0107, sk\u0105d tak utworzone s\u0142owa pochodz\u0105 i co znaczy\u0142y, a zarazem, co znacz\u0105 dla wsp\u00f3\u0142czesnych u\u017cytkownik\u00f3w j\u0119zyka. &nbsp;&nbsp;&nbsp;<\/p>\n\n\n\n<p>Zapraszamy do wys\u0142uchania wyk\u0142ad\u00f3w.<\/p>\n","protected":false},"excerpt":{"rendered":"<p>Sesja jest po\u015bwi\u0119cona&nbsp; nazwom w\u0142asnym g\u0142\u00f3wnie Wielkopolski, ich pochodzeniu, historii oraz przemianom, jakim one podlega\u0142y w ci\u0105gu stuleci. O nazwach opowiadaj\u0105 j\u0119zykoznawcy oraz przedstawiciele innych dyscyplin naukowych, historycy, antropolodzy, le\u015bnicy oraz krajoznawcy. Wszystkich bowiem interesuj\u0105 nazwy w\u0142asne i ich pochodzenie. Przedmiotem naszej uwagi s\u0105 tak\u017ce nazwy z innych rejon\u00f3w zar\u00f3wno Polski, jak i \u015bwiata, co [&hellip;]<\/p>\n","protected":false},"author":2,"featured_media":0,"parent":0,"menu_order":0,"comment_status":"closed","ping_status":"closed","template":"","meta":{"footnotes":""},"class_list":["post-252","page","type-page","status-publish","hentry"],"_links":{"self":[{"href":"https:\/\/komisjaonomastycznapoznan.pan.pl\/index.php?rest_route=\/wp\/v2\/pages\/252","targetHints":{"allow":["GET"]}}],"collection":[{"href":"https:\/\/komisjaonomastycznapoznan.pan.pl\/index.php?rest_route=\/wp\/v2\/pages"}],"about":[{"href":"https:\/\/komisjaonomastycznapoznan.pan.pl\/index.php?rest_route=\/wp\/v2\/types\/page"}],"author":[{"embeddable":true,"href":"https:\/\/komisjaonomastycznapoznan.pan.pl\/index.php?rest_route=\/wp\/v2\/users\/2"}],"replies":[{"embeddable":true,"href":"https:\/\/komisjaonomastycznapoznan.pan.pl\/index.php?rest_route=%2Fwp%2Fv2%2Fcomments&post=252"}],"version-history":[{"count":62,"href":"https:\/\/komisjaonomastycznapoznan.pan.pl\/index.php?rest_route=\/wp\/v2\/pages\/252\/revisions"}],"predecessor-version":[{"id":474,"href":"https:\/\/komisjaonomastycznapoznan.pan.pl\/index.php?rest_route=\/wp\/v2\/pages\/252\/revisions\/474"}],"wp:attachment":[{"href":"https:\/\/komisjaonomastycznapoznan.pan.pl\/index.php?rest_route=%2Fwp%2Fv2%2Fmedia&parent=252"}],"curies":[{"name":"wp","href":"https:\/\/api.w.org\/{rel}","templated":true}]}}