{"id":158,"date":"2020-10-28T13:25:17","date_gmt":"2020-10-28T13:25:17","guid":{"rendered":"http:\/\/komisjaonomastyczna.poznan.pan.pl\/?page_id=158"},"modified":"2020-10-29T14:11:28","modified_gmt":"2020-10-29T14:11:28","slug":"dzialalnosc-komisji","status":"publish","type":"page","link":"https:\/\/komisjaonomastycznapoznan.pan.pl\/","title":{"rendered":""},"content":{"rendered":"\n<div class=\"wp-block-columns is-layout-flex wp-container-core-columns-is-layout-28f84493 wp-block-columns-is-layout-flex\">\n<div class=\"wp-block-column is-layout-flow wp-block-column-is-layout-flow\" style=\"flex-basis:66.66%\">\n<p class=\"has-text-color has-large-font-size\" style=\"color:#1e7ba6\">Dzia\u0142alno\u015b\u0107 Komisji<\/p>\n<\/div>\n\n\n\n<div class=\"wp-block-column is-layout-flow wp-block-column-is-layout-flow\" style=\"flex-basis:33.33%\">\n<p class=\"has-text-color has-large-font-size\" style=\"color:#1e7ba6\">Sk\u0142ad osobowy<\/p>\n<\/div>\n<\/div>\n\n\n\n<div class=\"wp-block-columns is-layout-flex wp-container-core-columns-is-layout-28f84493 wp-block-columns-is-layout-flex\">\n<div class=\"wp-block-column is-layout-flow wp-block-column-is-layout-flow\" style=\"flex-basis:66.66%\">\n<hr class=\"wp-block-separator is-style-wide\"\/>\n<\/div>\n\n\n\n<div class=\"wp-block-column is-layout-flow wp-block-column-is-layout-flow\" style=\"flex-basis:33.33%\">\n<hr class=\"wp-block-separator is-style-wide\"\/>\n<\/div>\n<\/div>\n\n\n\n<div class=\"wp-block-columns is-layout-flex wp-container-core-columns-is-layout-28f84493 wp-block-columns-is-layout-flex\">\n<div class=\"wp-block-column is-layout-flow wp-block-column-is-layout-flow\" style=\"flex-basis:66.66%\">\n<p>Cz\u0142onkowie komisji zajmuj\u0105 si\u0119 gromadzeniem i opracowywaniem dawnych i obecnych nazw miejscowych oraz terenowych g\u0142\u00f3wnie z obszaru Wielkopolski. Celem jej przedstawicieli jest popularyzacja wiedzy na temat pochodzenia nazw w\u0142asnych oraz ich warto\u015bci zabytkowej. Przedmiotem zainteresowania cz\u0142onk\u00f3w komisji s\u0105 r\u00f3wnie\u017c inne kategorie nazw w\u0142asnych, m.in. okre\u015blenia os\u00f3b (nazwiska, przezwiska), ulic, dr\u00f3g, plac\u00f3w oraz obiekt\u00f3w us\u0142ugowo -handlowych, jakie pojawiaj\u0105 si\u0119 we wsp\u00f3\u0142czesnej przestrzeni miast i wsi.<\/p>\n<\/div>\n\n\n\n<div class=\"wp-block-column is-layout-flow wp-block-column-is-layout-flow\" style=\"flex-basis:33.33%\">\n<p>prof. UAM dr hab. Ma\u0142gorzata Rutkiewicz-Hanczewska &#8211;\u00a0<strong>PRZEWODNICZ\u0104CA<\/strong><br>prof. UAM dr hab. Justyna B. Walkowiak &#8211;\u00a0<strong>WICEPRZEWODNICZ\u0104C<\/strong>A<br>dr hab. W\u0142adys\u0142aw Kusiak &#8211;\u00a0<strong>SEKRETARZ<\/strong><br>prof. IS PAN dr hab. Lucyna Jankowiak<br>prof. dr hab. Janusz Go\u0142aski<br>dr Wojciech Mielewczyk<br>mgr Pawe\u0142 Anders<\/p>\n<\/div>\n<\/div>\n","protected":false},"excerpt":{"rendered":"<p>Dzia\u0142alno\u015b\u0107 Komisji Sk\u0142ad osobowy Cz\u0142onkowie komisji zajmuj\u0105 si\u0119 gromadzeniem i opracowywaniem dawnych i obecnych nazw miejscowych oraz terenowych g\u0142\u00f3wnie z obszaru Wielkopolski. Celem jej przedstawicieli jest popularyzacja wiedzy na temat pochodzenia nazw w\u0142asnych oraz ich warto\u015bci zabytkowej. Przedmiotem zainteresowania cz\u0142onk\u00f3w komisji s\u0105 r\u00f3wnie\u017c inne kategorie nazw w\u0142asnych, m.in. okre\u015blenia os\u00f3b (nazwiska, przezwiska), ulic, dr\u00f3g, plac\u00f3w [&hellip;]<\/p>\n","protected":false},"author":2,"featured_media":0,"parent":0,"menu_order":0,"comment_status":"closed","ping_status":"closed","template":"","meta":{"footnotes":""},"class_list":["post-158","page","type-page","status-publish","hentry"],"_links":{"self":[{"href":"https:\/\/komisjaonomastycznapoznan.pan.pl\/index.php?rest_route=\/wp\/v2\/pages\/158","targetHints":{"allow":["GET"]}}],"collection":[{"href":"https:\/\/komisjaonomastycznapoznan.pan.pl\/index.php?rest_route=\/wp\/v2\/pages"}],"about":[{"href":"https:\/\/komisjaonomastycznapoznan.pan.pl\/index.php?rest_route=\/wp\/v2\/types\/page"}],"author":[{"embeddable":true,"href":"https:\/\/komisjaonomastycznapoznan.pan.pl\/index.php?rest_route=\/wp\/v2\/users\/2"}],"replies":[{"embeddable":true,"href":"https:\/\/komisjaonomastycznapoznan.pan.pl\/index.php?rest_route=%2Fwp%2Fv2%2Fcomments&post=158"}],"version-history":[{"count":8,"href":"https:\/\/komisjaonomastycznapoznan.pan.pl\/index.php?rest_route=\/wp\/v2\/pages\/158\/revisions"}],"predecessor-version":[{"id":248,"href":"https:\/\/komisjaonomastycznapoznan.pan.pl\/index.php?rest_route=\/wp\/v2\/pages\/158\/revisions\/248"}],"wp:attachment":[{"href":"https:\/\/komisjaonomastycznapoznan.pan.pl\/index.php?rest_route=%2Fwp%2Fv2%2Fmedia&parent=158"}],"curies":[{"name":"wp","href":"https:\/\/api.w.org\/{rel}","templated":true}]}}