{"id":142,"date":"2020-10-28T13:06:17","date_gmt":"2020-10-28T13:06:17","guid":{"rendered":"http:\/\/komisjaonomastyczna.poznan.pan.pl\/?page_id=142"},"modified":"2022-08-16T10:48:35","modified_gmt":"2022-08-16T10:48:35","slug":"publikacje","status":"publish","type":"page","link":"https:\/\/komisjaonomastycznapoznan.pan.pl\/?page_id=142","title":{"rendered":"Publikacje"},"content":{"rendered":"\n<div class=\"wp-block-media-text alignwide is-stacked-on-mobile\" style=\"grid-template-columns:38% auto\"><figure class=\"wp-block-media-text__media\"><img fetchpriority=\"high\" decoding=\"async\" width=\"593\" height=\"393\" src=\"https:\/\/komisjaonomastycznapoznan.pan.pl\/wp-content\/uploads\/2022\/08\/komonomokl.png\" alt=\"\" class=\"wp-image-431 size-full\" srcset=\"https:\/\/komisjaonomastycznapoznan.pan.pl\/wp-content\/uploads\/2022\/08\/komonomokl.png 593w, https:\/\/komisjaonomastycznapoznan.pan.pl\/wp-content\/uploads\/2022\/08\/komonomokl-300x199.png 300w\" sizes=\"(max-width: 593px) 100vw, 593px\" \/><\/figure><div class=\"wp-block-media-text__content\">\n<p>Ksi\u0105\u017cka stanowi pierwszy tom serii zatytu\u0142owanej <em>Nazewnicze zabytki Wielkopolski<\/em>, w kt\u00f3rej nazwy w\u0142asne s\u0105 ujmowane w kategoriach symptom\u00f3w kultury w najr\u00f3\u017cniejszych jej zakresach. To rodzaj przewodnika po arbitralnie dobranych nazwach zwi\u0105zanych z&nbsp; przestrzeni\u0105 miejsk\u0105 Poznania. Poniewa\u017c ich \u017cycie jest d\u0142u\u017csze ni\u017c \u017cycie jednostki, a tak\u017ce dlatego, \u017ce w ich strukturze zawiera si\u0119 wiedza o naszych przodkach, o ich sposobie ogl\u0105dania \u015bwiata i jego interpretowania, maj\u0105 one w pe\u0142ni monumentalny charakter. S\u0105 rodzajem lupy, przez kt\u00f3r\u0105 mieszka\u0144cy Poznania ogl\u0105dali i nadal ogl\u0105daj\u0105 swoje miasto.<\/p>\n\n\n\n<p>W publikacji wyja\u015bnia si\u0119 pochodzenie nazw powstaj\u0105cych dawniej oraz wsp\u00f3\u0142cze\u015bnie, mechanizmy j\u0119zykowe, kt\u00f3re doprowadzi\u0142y do ich ustabilizowania si\u0119 w konkretnej postaci. Narracj\u0119 w ksi\u0105\u017cce wyznaczaj\u0105 tak\u017ce opisy zbli\u017conych tendencji nazywania, m\u00f3d i zwyczaj\u00f3w j\u0119zykowych, w wyniku kt\u00f3rych powstaj\u0105 analogiczne pod wzgl\u0119dem formalnym lub zbli\u017cone motywacyjnie nazwy w\u0142asne znane z innych rejon\u00f3w kraju, a tak\u017ce \u015bwiata. &nbsp;<\/p>\n<\/div><\/div>\n\n\n\n<div style=\"height:100px\" aria-hidden=\"true\" class=\"wp-block-spacer\"><\/div>\n\n\n\n<ol class=\"wp-block-list\"><li><strong>J. Go\u0142aski, K. G\u00f3rska-Go\u0142aska, M. Rutkiewicz-Hanczewska, M. Brzezi\u0144ska-Klusek, A. Miro\u0144czuk, J. Drachal<\/strong>, <em>Zabytkowe nazewnictwo polskie na Pojezierzu Wa\u0142eckim<\/em>, Warszawa: Instytut Geodezji i Kartografii 2015.<br>Finansowana przez MNiSW w ramach NPRH \u2013 Modu\u0142 1.2. nr 12H12018581<\/li><li><strong>M. Rutkiewicz-Hanczewska<\/strong>, <em>Nazewniczy krajobraz teren\u00f3w Nadle\u015bnictwa Bolewice<\/em>, [w:] P. Anders (red.), Wybrane karty z historii Nadle\u015bnictwa Bolewice, Bolewice 2018: Nadle\u015bnictwo Bolewice, s. 117\u2013133.<\/li><li><strong>J. Walkowiak<\/strong>, 2018: <em>Female street namesakes in selected Polish cities<\/em>, &#8222;Mitteilungen der \u00d6sterreichischen Geographischen Gesellschaft&#8221; 160 s. 331-350<\/li><li><strong>M. Rutkiewicz-Hanczewska<\/strong> 2016: <em>Literatura na us\u0142ugach miejskiej ikonosfery<\/em>, [w]: Slavica. Onomastica. Regionalia, pod. red. M. Biolik, W. Szulowskiej, E. Wolnicz-Paw\u0142owskiej, W. W\u0142oskowicza, A. Naruszewicz-Duchli\u0144skiej, Olsztyn: Wydawnictwo Uniwersytetu Warmi\u0144sko-Mazurskiego, s. 151-159<\/li><li><strong>M. Rutkiewicz-Hanczewska<\/strong> 2016: <em>Literatura i literacko\u015b\u0107 w nazewniczym krajobrazie Poznania<\/em>, [w:] Pozna\u0144 pisarzy i pisarek, pod red. J. Borowczyka, L. Marzec, Z. Kopcia, Pozna\u0144: Wydawnictwo Naukowe UAM, s. 341-355<\/li><li><a href=\"https:\/\/www.researchgate.net\/publication\/332172976_NAMES_AS_COVERT_AFFIRMATION_OF_IDENTITY_ON_SOME_PROPAGANDISTIC_URBANONYMS_OF_THE_POST-WAR_WESTERN_BORDERLANDS_IN_POLAND\">https:\/\/www.researchgate.net\/publication\/332172976_NAMES_AS_COVERT_AFFIRMATION_OF_IDENTITY_ON_SOME_PROPAGANDISTIC_URBANONYMS_OF_THE_POST-WAR_WESTERN_BORDERLANDS_IN_POLAND<\/a>     <\/li><\/ol>\n","protected":false},"excerpt":{"rendered":"<p>Ksi\u0105\u017cka stanowi pierwszy tom serii zatytu\u0142owanej Nazewnicze zabytki Wielkopolski, w kt\u00f3rej nazwy w\u0142asne s\u0105 ujmowane w kategoriach symptom\u00f3w kultury w najr\u00f3\u017cniejszych jej zakresach. To rodzaj przewodnika po arbitralnie dobranych nazwach zwi\u0105zanych z&nbsp; przestrzeni\u0105 miejsk\u0105 Poznania. Poniewa\u017c ich \u017cycie jest d\u0142u\u017csze ni\u017c \u017cycie jednostki, a tak\u017ce dlatego, \u017ce w ich strukturze zawiera si\u0119 wiedza o naszych [&hellip;]<\/p>\n","protected":false},"author":2,"featured_media":0,"parent":0,"menu_order":0,"comment_status":"closed","ping_status":"closed","template":"","meta":{"footnotes":""},"class_list":["post-142","page","type-page","status-publish","hentry"],"_links":{"self":[{"href":"https:\/\/komisjaonomastycznapoznan.pan.pl\/index.php?rest_route=\/wp\/v2\/pages\/142","targetHints":{"allow":["GET"]}}],"collection":[{"href":"https:\/\/komisjaonomastycznapoznan.pan.pl\/index.php?rest_route=\/wp\/v2\/pages"}],"about":[{"href":"https:\/\/komisjaonomastycznapoznan.pan.pl\/index.php?rest_route=\/wp\/v2\/types\/page"}],"author":[{"embeddable":true,"href":"https:\/\/komisjaonomastycznapoznan.pan.pl\/index.php?rest_route=\/wp\/v2\/users\/2"}],"replies":[{"embeddable":true,"href":"https:\/\/komisjaonomastycznapoznan.pan.pl\/index.php?rest_route=%2Fwp%2Fv2%2Fcomments&post=142"}],"version-history":[{"count":9,"href":"https:\/\/komisjaonomastycznapoznan.pan.pl\/index.php?rest_route=\/wp\/v2\/pages\/142\/revisions"}],"predecessor-version":[{"id":443,"href":"https:\/\/komisjaonomastycznapoznan.pan.pl\/index.php?rest_route=\/wp\/v2\/pages\/142\/revisions\/443"}],"wp:attachment":[{"href":"https:\/\/komisjaonomastycznapoznan.pan.pl\/index.php?rest_route=%2Fwp%2Fv2%2Fmedia&parent=142"}],"curies":[{"name":"wp","href":"https:\/\/api.w.org\/{rel}","templated":true}]}}